{"id":168,"date":"2015-04-01T21:50:52","date_gmt":"2015-04-01T21:50:52","guid":{"rendered":"http:\/\/mediteachile.stereotypoweb.com\/?page_id=168"},"modified":"2019-08-13T21:48:05","modified_gmt":"2019-08-13T21:48:05","slug":"certificaciones","status":"publish","type":"page","link":"https:\/\/www.meditea.cl\/home\/certificaciones\/","title":{"rendered":"Certificaciones"},"content":{"rendered":"<p><div class=\"ctsc-column ctsc-col2\">\n<p class=\"p1\"><span class=\"s1\">Para el profesional de la salud el beneficio es m\u00faltiple: resultados; durabilidad y excelente inversi\u00f3n.<\/span><\/p>\n<p class=\"p1\"><span class=\"s1\">En Meditea, dise\u00f1amos, producimos y comercializamos. de acuerdo a las normativas establecidas por la ANMAT donde se contemplan Buenas Pr\u00e1cticas de Fabricaci\u00f3n.<br \/>\n<\/span><\/div><div class=\"ctsc-column ctsc-col2 ctsc-col-last\">\n<p class=\"p1\"><span class=\"s1\">Tambi\u00e9n trabajamos bajo la normativa internacional ISO 13485:2016 sobre sistemas de gesti\u00f3n de calidad para equipamientos m\u00e9dicos y la normativa IEC 60601-1 de seguridad para equipos electrom\u00e9dicos.<\/span><\/p>\n<p class=\"p1\"><\/div><div class=\"col-divide\"><\/div><\/p>\n<p class=\"p1\"><span class=\"s1\"><br \/>\nEs bajo esta modalidad que desde Meditea brindamos la confianza que todo profesional de la salud necesita para desempe\u00f1ar su tarea d\u00eda a d\u00eda.<\/span><\/p>\n<p class=\"p1\">\n<p><div class=\"ctsc-column ctsc-col2\">\n<a class=\"foobox\" href=\"http:\/\/www.meditea.com\/home\/wp-content\/uploads\/2019\/08\/MEDITEA-13485_-Ene2019-IQNET.jpg\"><img decoding=\"async\" loading=\"lazy\" src=\"http:\/\/www.meditea.com\/home\/wp-content\/uploads\/2019\/08\/MEDITEA-13485_-Ene2019-IQNET-212x300.jpg\" alt=\"\" width=\"212\" height=\"300\" class=\"aligncenter size-medium wp-image-2448\" \/><\/a><br \/>\n<\/div><div class=\"ctsc-column ctsc-col2 ctsc-col-last\">\n<a href=\"http:\/\/www.meditea.com\/home\/wp-content\/uploads\/2019\/08\/MEDITEA-13485_-Ene2019-IRAM.jpg\"><img decoding=\"async\" loading=\"lazy\" src=\"http:\/\/www.meditea.com\/home\/wp-content\/uploads\/2019\/08\/MEDITEA-13485_-Ene2019-IRAM-212x300.jpg\" alt=\"\" width=\"212\" height=\"300\" class=\"aligncenter size-medium wp-image-2447\" \/><\/a><br \/>\n<\/div><div class=\"col-divide\"><\/div><\/p>","protected":false},"excerpt":{"rendered":"<p>La calidad certificada de nuestros productos se refleja en el resultado de cada uno de los tratamientos.<\/p>\n","protected":false},"author":1,"featured_media":0,"parent":0,"menu_order":0,"comment_status":"closed","ping_status":"closed","template":"template-full.php","meta":{"nf_dc_page":"","footnotes":""},"class_list":["post-168","page","type-page","status-publish","hentry"],"_links":{"self":[{"href":"https:\/\/www.meditea.cl\/home\/wp-json\/wp\/v2\/pages\/168","targetHints":{"allow":["GET"]}}],"collection":[{"href":"https:\/\/www.meditea.cl\/home\/wp-json\/wp\/v2\/pages"}],"about":[{"href":"https:\/\/www.meditea.cl\/home\/wp-json\/wp\/v2\/types\/page"}],"author":[{"embeddable":true,"href":"https:\/\/www.meditea.cl\/home\/wp-json\/wp\/v2\/users\/1"}],"replies":[{"embeddable":true,"href":"https:\/\/www.meditea.cl\/home\/wp-json\/wp\/v2\/comments?post=168"}],"version-history":[{"count":13,"href":"https:\/\/www.meditea.cl\/home\/wp-json\/wp\/v2\/pages\/168\/revisions"}],"predecessor-version":[{"id":1485,"href":"https:\/\/www.meditea.cl\/home\/wp-json\/wp\/v2\/pages\/168\/revisions\/1485"}],"wp:attachment":[{"href":"https:\/\/www.meditea.cl\/home\/wp-json\/wp\/v2\/media?parent=168"}],"curies":[{"name":"wp","href":"https:\/\/api.w.org\/{rel}","templated":true}]}}