{"id":175,"date":"2015-04-01T21:58:48","date_gmt":"2015-04-01T21:58:48","guid":{"rendered":"http:\/\/mediteachile.stereotypoweb.com\/?page_id=175"},"modified":"2019-08-06T20:29:43","modified_gmt":"2019-08-06T20:29:43","slug":"meditea-2","status":"publish","type":"page","link":"https:\/\/www.meditea.cl\/home\/pt\/meditea-2\/","title":{"rendered":"Meditea"},"content":{"rendered":"<p><div class=\"ctsc-column ctsc-col2\">Cincuenta a\u00f1os de trayectoria son muestra cabal de un trabajo ininterrumpido, como as\u00ed tambi\u00e9n de una evoluci\u00f3n constante acorde a las exigencias del mercado y a las necesidades de los profesionales de la salud y sus pacientes. Nuestros productos son utilizados en una diversidad de centros p\u00fablicos y privados en las \u00e1reas de kinesiolog\u00eda, est\u00e9tica, dermatolog\u00eda, flebolog\u00eda, cirug\u00eda pl\u00e1stica, traumatolog\u00eda, entre otras.<\/p>\n<p>La marca MEDITEA tiene presencia a nivel nacional, como as\u00ed tambi\u00e9n en distintos pa\u00edses de Am\u00e9rica y Europa. Nos involucramos en todo el proceso que hace a la vida del equipo, dise\u00f1ando, desarrollando, comercializando y ofreciendo servicio de postventa.<\/p>\n<p>Ingenieros, t\u00e9cnicos electr\u00f3nicos, dise\u00f1adores industriales y gr\u00e1ficos, y profesionales de la salud conforman el plantel de especialistas responsables. La creatividad e innovaci\u00f3n en dise\u00f1o y la estandarizaci\u00f3n de los procesos productivos, son el equilibrio exacto a la demanda.<\/p>\n<p>En Meditea invertimos importantes recursos en investigaci\u00f3n para desarrollar adelantos en terap\u00e9uticas y testear la confiabilidad de nuestros equipos. La calidad se refleja en el resultado de cada uno de los tratamientos. Para el profesional de la salud el beneficio es m\u00faltiple: resultados; durabilidad y una excelente inversi\u00f3n.<\/p>\n<\/div><div class=\"ctsc-column ctsc-col2 ctsc-col-last\">Dise\u00f1amos, producimos y comercializamos. de acuerdo a las normativas establecidas por la ANMAT donde se contemplan Buenas Pr\u00e1cticas de Fabricaci\u00f3n. Tambi\u00e9n trabajamos bajo las normativas internacionales ISO 9001:2008 sobre sistemas de gesti\u00f3n de calidad e ISO 13485:2003 sobre sistemas de gesti\u00f3n de calidad para equipamientos m\u00e9dicos y la normativa IEC 60601-1 de seguridad para equipos electrom\u00e9dicos.<\/p>\n<p>Nos construimos desde la interacci\u00f3n con nuestros clientes, respondiendo a sus expectativas: nuestros vendedores, brindan un completo asesoramiento acerca de los m\u00e1s de 50 equipos disponibles. Este servicio se hace extensivo a todo el pa\u00eds a trav\u00e9s de distribuidores exclusivos y visitas personalizadas de nuestros Asesores comerciales.<\/p>\n<p>Cuando nuestros clientes adquieren un producto Meditea cuentan con el respaldo de una red de soporte t\u00e9cnico especializado eficiente, que con exclusividad garantiza la utilizaci\u00f3n de repuestos originales.<\/p>\n<p>Hoy, como en 1964, en Meditea mantenemos y proyectamos la continuidad con el mismo gen y la misma esencia: trabajar con responsabilidad y honestidad, otorgando respaldo y confianza a los profesionales que nos eligen d\u00eda a d\u00eda.<\/p>\n<p><strong>\u00a1Los invitamos a conocernos!<\/strong><br \/>\n<\/div><div class=\"col-divide\"><\/div><\/p>","protected":false},"excerpt":{"rendered":"<p>Somos Meditea, una empresa dedicada a la investigaci\u00f3n y desarrollo de tecnolog\u00eda aplicada a la rehabilitaci\u00f3n y est\u00e9tica.<\/p>\n","protected":false},"author":1,"featured_media":0,"parent":0,"menu_order":0,"comment_status":"closed","ping_status":"closed","template":"template-full.php","meta":{"nf_dc_page":"","footnotes":""},"class_list":["post-175","page","type-page","status-publish","hentry"],"_links":{"self":[{"href":"https:\/\/www.meditea.cl\/home\/pt\/wp-json\/wp\/v2\/pages\/175","targetHints":{"allow":["GET"]}}],"collection":[{"href":"https:\/\/www.meditea.cl\/home\/pt\/wp-json\/wp\/v2\/pages"}],"about":[{"href":"https:\/\/www.meditea.cl\/home\/pt\/wp-json\/wp\/v2\/types\/page"}],"author":[{"embeddable":true,"href":"https:\/\/www.meditea.cl\/home\/pt\/wp-json\/wp\/v2\/users\/1"}],"replies":[{"embeddable":true,"href":"https:\/\/www.meditea.cl\/home\/pt\/wp-json\/wp\/v2\/comments?post=175"}],"version-history":[{"count":20,"href":"https:\/\/www.meditea.cl\/home\/pt\/wp-json\/wp\/v2\/pages\/175\/revisions"}],"predecessor-version":[{"id":1483,"href":"https:\/\/www.meditea.cl\/home\/pt\/wp-json\/wp\/v2\/pages\/175\/revisions\/1483"}],"wp:attachment":[{"href":"https:\/\/www.meditea.cl\/home\/pt\/wp-json\/wp\/v2\/media?parent=175"}],"curies":[{"name":"wp","href":"https:\/\/api.w.org\/{rel}","templated":true}]}}