{"id":168,"date":"2015-04-01T21:50:52","date_gmt":"2015-04-01T21:50:52","guid":{"rendered":"http:\/\/mediteachile.stereotypoweb.com\/?page_id=168"},"modified":"2019-08-13T21:48:05","modified_gmt":"2019-08-13T21:48:05","slug":"certificaciones","status":"publish","type":"page","link":"https:\/\/www.meditea.cl\/home\/pt\/certificaciones\/","title":{"rendered":"Certifica\u00e7oe"},"content":{"rendered":"<p><div class=\"ctsc-column ctsc-col2\">\nPara o profissional da sa\u00fade o benef\u00edcio \u00e9 m\u00faltiplo: resultados; durabilidade e um \u00f3timo investimento. Na Meditea, criamos, produzimos e comercializamos de acordo com as regulamenta\u00e7\u00f5es estabelecidas pela ANMAT onde se contemplam as Boas Pr\u00e1ticas de Manufatura.<br \/>\n<\/div><div class=\"ctsc-column ctsc-col2 ctsc-col-last\">\nTamb\u00e9m trabalhamos cumprindo os padr\u00f5es internacionais ISO 9001:2008 sobre sistemas de gest\u00e3o da qualidade e ISO 13485:2003 sobre sistemas de gest\u00e3o da qualidade para equipamentos m\u00e9dicos e o padr\u00e3o IEC 60601-1 de seguran\u00e7a para equipamentos eletrom\u00e9dicos.<br \/>\n<\/div><div class=\"col-divide\"><\/div><br \/>\n\u00c9 por tudo isso que na Meditea proporcionamos a confian\u00e7a que todo profissional da sa\u00fade necessita para desempenhar sua tarefa dia-a-dia.<br \/>\n&nbsp;<br \/>\n<div class=\"ctsc-column ctsc-col4\">\n<p><a href=\"http:\/\/www.meditea.com\/home\/wp-content\/uploads\/2015\/04\/Imagen-116.jpg\" target=\"_blank\"><img decoding=\"async\" loading=\"lazy\" class=\"aligncenter size-medium wp-image-1479\" src=\"http:\/\/www.meditea.com\/home\/wp-content\/uploads\/2015\/04\/Imagen-116-215x300.jpg\" alt=\"Imagen (116)\" width=\"215\" height=\"300\" \/><\/a><br \/>\n<\/div><div class=\"ctsc-column ctsc-col4\">\n<p><a href=\"http:\/\/www.meditea.com\/home\/wp-content\/uploads\/2015\/04\/Imagen-117.jpg\" target=\"_blank\"><img decoding=\"async\" loading=\"lazy\" class=\"aligncenter size-medium wp-image-1480\" src=\"http:\/\/www.meditea.com\/home\/wp-content\/uploads\/2015\/04\/Imagen-117-214x300.jpg\" alt=\"Imagen (117)\" width=\"214\" height=\"300\" \/><\/a><\/p>\n<\/div><div class=\"ctsc-column ctsc-col4\">\n<p><a href=\"http:\/\/www.meditea.com\/home\/wp-content\/uploads\/2015\/04\/Imagen-118.jpg\" target=\"_blank\"><img decoding=\"async\" loading=\"lazy\" class=\"aligncenter size-medium wp-image-1481\" src=\"http:\/\/www.meditea.com\/home\/wp-content\/uploads\/2015\/04\/Imagen-118-214x300.jpg\" alt=\"Imagen (118)\" width=\"214\" height=\"300\" \/><\/a><\/p>\n<\/div><div class=\"ctsc-column ctsc-col4 ctsc-col-last\">\n<p><a href=\"http:\/\/www.meditea.com\/home\/wp-content\/uploads\/2015\/04\/Imagen-119.jpg\" target=\"_blank\"><img decoding=\"async\" loading=\"lazy\" class=\"aligncenter size-medium wp-image-1482\" src=\"http:\/\/www.meditea.com\/home\/wp-content\/uploads\/2015\/04\/Imagen-119-214x300.jpg\" alt=\"Imagen (119)\" width=\"214\" height=\"300\" \/><\/a><\/p>\n<\/div><div class=\"col-divide\"><\/div><\/p>","protected":false},"excerpt":{"rendered":"<p>A qualidade certificada dos nossos produtos reflete-se no resultado de cada um dos tratamentos.<\/p>\n","protected":false},"author":1,"featured_media":0,"parent":0,"menu_order":0,"comment_status":"closed","ping_status":"closed","template":"template-full.php","meta":{"nf_dc_page":"","footnotes":""},"class_list":["post-168","page","type-page","status-publish","hentry"],"_links":{"self":[{"href":"https:\/\/www.meditea.cl\/home\/pt\/wp-json\/wp\/v2\/pages\/168","targetHints":{"allow":["GET"]}}],"collection":[{"href":"https:\/\/www.meditea.cl\/home\/pt\/wp-json\/wp\/v2\/pages"}],"about":[{"href":"https:\/\/www.meditea.cl\/home\/pt\/wp-json\/wp\/v2\/types\/page"}],"author":[{"embeddable":true,"href":"https:\/\/www.meditea.cl\/home\/pt\/wp-json\/wp\/v2\/users\/1"}],"replies":[{"embeddable":true,"href":"https:\/\/www.meditea.cl\/home\/pt\/wp-json\/wp\/v2\/comments?post=168"}],"version-history":[{"count":13,"href":"https:\/\/www.meditea.cl\/home\/pt\/wp-json\/wp\/v2\/pages\/168\/revisions"}],"predecessor-version":[{"id":1485,"href":"https:\/\/www.meditea.cl\/home\/pt\/wp-json\/wp\/v2\/pages\/168\/revisions\/1485"}],"wp:attachment":[{"href":"https:\/\/www.meditea.cl\/home\/pt\/wp-json\/wp\/v2\/media?parent=168"}],"curies":[{"name":"wp","href":"https:\/\/api.w.org\/{rel}","templated":true}]}}